{"id":723,"date":"2019-03-04T06:37:17","date_gmt":"2019-03-04T06:37:17","guid":{"rendered":"https:\/\/ddgcreative.com\/index.php\/pricing\/"},"modified":"2025-11-12T04:41:22","modified_gmt":"2025-11-12T04:41:22","slug":"precio","status":"publish","type":"page","link":"https:\/\/ddgcreative.com\/index.php\/precio\/","title":{"rendered":"Precio"},"content":{"rendered":"<!--themify_builder_content-->\n<div id=\"themify_builder_content-723\" data-postid=\"723\" class=\"themify_builder_content themify_builder_content-723 themify_builder tf_clear\">\n                    <div  data-lazy=\"1\" class=\"module_row themify_builder_row tb_cbjz125 tb_first tf_w\">\n            <span class=\"tb_row_frame_wrap tf_overflow tf_abs\" data-lazy=\"1\"><span class=\"tb_row_frame tb_row_frame_bottom  tf_abs tf_hide tf_overflow tf_w\"><\/span><\/span>            <div class=\"row_inner col_align_top tb_col_count_1 tf_box tf_rel\">\n                        <div  data-lazy=\"1\" class=\"module_column tb-column col-full tb_ydyu128 first\">\n                    <!-- module text -->\n<div  class=\"module module-text tb_f128194   \" data-lazy=\"1\">\n        <div  class=\"tb_text_wrap\">\n        <h1>Planes y paquetes<\/h1>\n<p>Elige el plan perfecto para tu negocio.<br \/>\nEn DDG Creative tenemos soluciones personalizadas para dise\u00f1o web, marketing y gesti\u00f3n digital, creadas para facilitar tu crecimiento.<\/p>\n    <\/div>\n<\/div>\n<!-- \/module text -->        <\/div>\n                        <\/div>\n        <\/div>\n                        <div  data-anchor=\"pricing\" data-css_id=\"ngjw907\" data-lazy=\"1\" class=\"module_row themify_builder_row fullwidth_row_container tb_has_section tb_section-pricing tb_ngjw907 tf_w\">\n            <span class=\"tb_row_frame_wrap tf_overflow tf_abs\" data-lazy=\"1\"><span class=\"tb_row_frame tb_row_frame_top  tf_abs tf_hide tf_overflow tf_w\"><\/span><span class=\"tb_row_frame tb_row_frame_bottom  tf_abs tf_hide tf_overflow tf_w\"><\/span><\/span>            <div class=\"row_inner col_align_top tb_col_count_1 tf_box tf_rel\">\n                        <div  data-lazy=\"1\" class=\"module_column tb-column col-full tb_mft5907 first\">\n                    <!-- module fancy heading -->\n<div  class=\"module module-fancy-heading tb_gkks908 \" data-lazy=\"1\">\n        <h3 class=\"fancy-heading tf_textc\">\n    <span class=\"main-head tf_block\">\n                    Precio            <\/span>\n\n    \n    <span class=\"sub-head tf_block tf_rel\">\n                    Encuentra el plan perfecto para ti            <\/span>\n    <\/h3>\n<\/div>\n<!-- \/module fancy heading -->\n        <div  data-lazy=\"1\" class=\"module_subrow themify_builder_sub_row tf_w col_align_top tb_col_count_3 tb_hjug907\">\n                <div  data-lazy=\"1\" class=\"module_column sub_column col3-1 tb_pgbm908 first\">\n                    <div  id=\"tb_9s3u908\" class=\"module module-pricing-table ui tb_9s3u908 gradient green  tf_textc tf_rel tf_w\" data-lazy=\"1\" data-parallax-element-speed=\"1\" data-lax-translate-y=\"vh 1,0 70\" data-lax=\"true\">\n\t\t\n\t\n    <div class=\"module-pricing-table-header tf_rel ui green gradient\" >\n\t\t\t\t\t<span class=\"module-pricing-table-title tf_block tf_w\">\n\t\t\t\t\t\t\t\t<span>PAQUETE START<\/span>\n\t\t\t<\/span>\n\t\t\t\t\t\t\t\t\t\t\t<p class=\"module-pricing-table-description\">Ideal para nuevos negocios o marcas personales que buscan presencia digital profesional.<\/p>\n\t\t    <\/div><!-- .module-pricing-table-header -->\n    <div class=\"module-pricing-table-content tf_box tf_w\">\n\t\t\t\t\t\t\t\t\t\t\t\t\t\t<div class=\"module-pricing-table-features\">IIncluye:<\/div>\n\t\t\t\t\t\t\t\t\t\t\t\t\t\t\t\t<div class=\"module-pricing-table-features\">\ud83c\udf10 Dise\u00f1o Web: Landing Page (1 secci\u00f3n con formulario, dise\u00f1o responsivo y conexi\u00f3n a redes sociales).<\/div>\n\t\t\t\t\t\t\t\t\t\t\t\t\t\t\t\t<div class=\"module-pricing-table-features\">\ud83d\udcf1 Gesti\u00f3n de Redes Sociales: Plan B\u00e1sico (8 publicaciones al mes, dise\u00f1o profesional y programaci\u00f3n).<\/div>\n\t\t\t\t\t\t\t\t\t\t\t\t\t\t\t\t<div class=\"module-pricing-table-features\">\u2709\ufe0f Email Marketing: Campa\u00f1a B\u00e1sica (1 correo masivo a 1,000 contactos con dise\u00f1o profesional).<\/div>\n\t\t\t\t\t\t\t\t\t\t\t\t\t\t\t\t<div class=\"module-pricing-table-features\">Beneficios:<\/div>\n\t\t\t\t\t\t\t\t\t\t\t\t\t\t\t\t<div class=\"module-pricing-table-features\">\u2714 Imagen profesional inmediata<\/div>\n\t\t\t\t\t\t\t\t\t\t\t\t\t\t\t\t<div class=\"module-pricing-table-features\">\u2714 Presencia digital unificada<\/div>\n\t\t\t\t\t\t\t\t\t\t\t\t\t\t\t\t<div class=\"module-pricing-table-features\">\u2714 Configuraci\u00f3n lista para captar clientes<\/div>\n\t\t\t\t\t\t\t\t\t\t\t\t\t\t\t\t\t\t\t\t\t\t\t\t\t\t\t\t\t\t\t<a class=\"module-pricing-table-button tf_rel ui green gradient\" href=\"https:\/\/themify.me\/pricing\">\n\t\t\t\tCONOCE MAS \n\t\t\t<\/a> \n\t\t    <\/div><!-- .module-pricing-table-content -->\n\t<\/div><!-- \/module pricing-table -->\n        <\/div>\n                    <div  data-lazy=\"1\" class=\"module_column sub_column col3-1 tb_d31o908\">\n                    <div  id=\"tb_hc5p908\" class=\"module module-pricing-table ui tb_hc5p908 gradient blue  tf_textc tf_rel tf_w\" data-lazy=\"1\" data-parallax-element-speed=\"1\" data-lax-translate-y=\"vh 1,0 70\" data-lax=\"true\">\n\t\t\n\t\n    <div class=\"module-pricing-table-header tf_rel ui blue gradient\" >\n\t\t\t\t\t<span class=\"module-pricing-table-title tf_block tf_w\">\n\t\t\t\t\t\t\t\t<span>PAQUETE PRO<\/span>\n\t\t\t<\/span>\n\t\t\t\t\t\t\t\t\t\t\t<p class=\"module-pricing-table-description\">Dise\u00f1ado para empresas o emprendedores que quieren escalar su presencia digital y optimizar resultados.<\/p>\n\t\t    <\/div><!-- .module-pricing-table-header -->\n    <div class=\"module-pricing-table-content tf_box tf_w\">\n\t\t\t\t\t\t\t\t\t\t\t\t\t\t<div class=\"module-pricing-table-features\">Incluye:<\/div>\n\t\t\t\t\t\t\t\t\t\t\t\t\t\t\t\t<div class=\"module-pricing-table-features\">\ud83c\udf10 Dise\u00f1o Web: P\u00e1gina Empresarial (hasta 5 secciones con SEO b\u00e1sico, WhatsApp y Google Maps).<\/div>\n\t\t\t\t\t\t\t\t\t\t\t\t\t\t\t\t<div class=\"module-pricing-table-features\">\ud83d\udcf1 Gesti\u00f3n de Redes Sociales: Plan Pro (12 publicaciones + 4 historias semanales, calendario y asesor\u00eda).<\/div>\n\t\t\t\t\t\t\t\t\t\t\t\t\t\t\t\t<div class=\"module-pricing-table-features\">\u2709\ufe0f Email Marketing: Automatizaci\u00f3n Profesional (4 correos automatizados, copywriting y dise\u00f1o visual).<\/div>\n\t\t\t\t\t\t\t\t\t\t\t\t\t\t\t\t<div class=\"module-pricing-table-features\">Beneficios:<\/div>\n\t\t\t\t\t\t\t\t\t\t\t\t\t\t\t\t<div class=\"module-pricing-table-features\">Estrategia digital integral<\/div>\n\t\t\t\t\t\t\t\t\t\t\t\t\t\t\t\t<div class=\"module-pricing-table-features\">Optimizaci\u00f3n SEO y automatizaci\u00f3n<\/div>\n\t\t\t\t\t\t\t\t\t\t\t\t\t\t\t\t<div class=\"module-pricing-table-features\">Crecimiento en redes y conexi\u00f3n con clientes<\/div>\n\t\t\t\t\t\t\t\t\t\t\t\t\t\t\t\t\t\t\t\t\t\t\t\t\t\t\t\t\t\t\t<a class=\"module-pricing-table-button tf_rel ui blue gradient\" href=\"https:\/\/themify.me\/pricing\">\n\t\t\t\tCONOCE MAS \n\t\t\t<\/a> \n\t\t    <\/div><!-- .module-pricing-table-content -->\n\t<\/div><!-- \/module pricing-table -->\n        <\/div>\n                    <div  data-lazy=\"1\" class=\"module_column sub_column col3-1 tb_oy6h907 last\">\n                    <div  id=\"tb_sun5907\" class=\"module module-pricing-table ui tb_sun5907 gradient red  tf_textc tf_rel tf_w\" data-lazy=\"1\" data-parallax-element-speed=\"1\" data-lax-translate-y=\"vh 1,0 70\" data-lax=\"true\">\n\t\t\n\t\n    <div class=\"module-pricing-table-header tf_rel ui red gradient\" >\n\t\t\t\t\t<span class=\"module-pricing-table-title tf_block tf_w\">\n\t\t\t\t\t\t\t\t<span>PAQUETE PREMIUM<\/span>\n\t\t\t<\/span>\n\t\t\t\t\t\t\t\t\t\t\t<p class=\"module-pricing-table-description\">Pensado para marcas consolidadas que buscan automatizaci\u00f3n, posicionamiento y expansi\u00f3n.<\/p>\n\t\t    <\/div><!-- .module-pricing-table-header -->\n    <div class=\"module-pricing-table-content tf_box tf_w\">\n\t\t\t\t\t\t\t\t\t\t\t\t\t\t<div class=\"module-pricing-table-features\">Incluye:<\/div>\n\t\t\t\t\t\t\t\t\t\t\t\t\t\t\t\t<div class=\"module-pricing-table-features\">\ud83c\udf10 Dise\u00f1o Web: Tienda en L\u00ednea (E-commerce) (hasta 20 productos, carrito, pagos integrados y SEO).<\/div>\n\t\t\t\t\t\t\t\t\t\t\t\t\t\t\t\t<div class=\"module-pricing-table-features\">\ud83d\udcf1 Gesti\u00f3n de Redes Sociales: Plan Premium (16 publicaciones + campa\u00f1as pagadas, reportes y optimizaci\u00f3n).<\/div>\n\t\t\t\t\t\t\t\t\t\t\t\t\t\t\t\t<div class=\"module-pricing-table-features\">\u2709\ufe0f Email Marketing: Gesti\u00f3n Completa (campa\u00f1as semanales, reportes y mejoras continuas).<\/div>\n\t\t\t\t\t\t\t\t\t\t\t\t\t\t\t\t<div class=\"module-pricing-table-features\">Beneficios:<\/div>\n\t\t\t\t\t\t\t\t\t\t\t\t\t\t\t\t<div class=\"module-pricing-table-features\">\u2714 Ventas automatizadas 24\/7<\/div>\n\t\t\t\t\t\t\t\t\t\t\t\t\t\t\t\t<div class=\"module-pricing-table-features\">\u2714 Estrategia profesional omnicanal<\/div>\n\t\t\t\t\t\t\t\t\t\t\t\t\t\t\t\t<div class=\"module-pricing-table-features\">\u2714 Control total y an\u00e1lisis de resultados<\/div>\n\t\t\t\t\t\t\t\t\t\t\t\t\t\t\t\t\t\t\t\t\t\t\t\t\t\t\t\t\t\t\t<a class=\"module-pricing-table-button tf_rel ui red gradient\" href=\"https:\/\/themify.me\/pricing\">\n\t\t\t\tCONOCE MAS \n\t\t\t<\/a> \n\t\t    <\/div><!-- .module-pricing-table-content -->\n\t<\/div><!-- \/module pricing-table -->\n        <\/div>\n                    <\/div>\n                <\/div>\n                        <\/div>\n        <\/div>\n        <\/div>\n<!--\/themify_builder_content-->","protected":false},"excerpt":{"rendered":"<p>Planes y paquetes Elige el plan perfecto para tu negocio. En DDG Creative tenemos soluciones personalizadas para dise\u00f1o web, marketing y gesti\u00f3n digital, creadas para facilitar tu crecimiento.<\/p>\n","protected":false},"author":1,"featured_media":0,"parent":0,"menu_order":0,"comment_status":"closed","ping_status":"closed","template":"","meta":{"footnotes":""},"class_list":["post-723","page","type-page","status-publish","hentry","has-post-title","has-post-date","has-post-category","has-post-tag","has-post-comment","has-post-author",""],"builder_content":"<h1>Planes y paquetes<\/h1> <p>Elige el plan perfecto para tu negocio.<br \/> En DDG Creative tenemos soluciones personalizadas para dise\u00f1o web, marketing y gesti\u00f3n digital, creadas para facilitar tu crecimiento.<\/p>\n<h3>Precio<br\/>Encuentra el plan perfecto para ti<\/h3>\nPAQUETE START <p>Ideal para nuevos negocios o marcas personales que buscan presencia digital profesional.<\/p> IIncluye: \ud83c\udf10 Dise\u00f1o Web: Landing Page (1 secci\u00f3n con formulario, dise\u00f1o responsivo y conexi\u00f3n a redes sociales). \ud83d\udcf1 Gesti\u00f3n de Redes Sociales: Plan B\u00e1sico (8 publicaciones al mes, dise\u00f1o profesional y programaci\u00f3n). \u2709\ufe0f Email Marketing: Campa\u00f1a B\u00e1sica (1 correo masivo a 1,000 contactos con dise\u00f1o profesional). Beneficios: \u2714 Imagen profesional inmediata \u2714 Presencia digital unificada \u2714 Configuraci\u00f3n lista para captar clientes <a href=\"https:\/\/themify.me\/pricing\"> CONOCE MAS <\/a>\nPAQUETE PRO <p>Dise\u00f1ado para empresas o emprendedores que quieren escalar su presencia digital y optimizar resultados.<\/p> Incluye: \ud83c\udf10 Dise\u00f1o Web: P\u00e1gina Empresarial (hasta 5 secciones con SEO b\u00e1sico, WhatsApp y Google Maps). \ud83d\udcf1 Gesti\u00f3n de Redes Sociales: Plan Pro (12 publicaciones + 4 historias semanales, calendario y asesor\u00eda). \u2709\ufe0f Email Marketing: Automatizaci\u00f3n Profesional (4 correos automatizados, copywriting y dise\u00f1o visual). Beneficios: Estrategia digital integral Optimizaci\u00f3n SEO y automatizaci\u00f3n Crecimiento en redes y conexi\u00f3n con clientes <a href=\"https:\/\/themify.me\/pricing\"> CONOCE MAS <\/a>\nPAQUETE PREMIUM <p>Pensado para marcas consolidadas que buscan automatizaci\u00f3n, posicionamiento y expansi\u00f3n.<\/p> Incluye: \ud83c\udf10 Dise\u00f1o Web: Tienda en L\u00ednea (E-commerce) (hasta 20 productos, carrito, pagos integrados y SEO). \ud83d\udcf1 Gesti\u00f3n de Redes Sociales: Plan Premium (16 publicaciones + campa\u00f1as pagadas, reportes y optimizaci\u00f3n). \u2709\ufe0f Email Marketing: Gesti\u00f3n Completa (campa\u00f1as semanales, reportes y mejoras continuas). Beneficios: \u2714 Ventas automatizadas 24\/7 \u2714 Estrategia profesional omnicanal \u2714 Control total y an\u00e1lisis de resultados <a href=\"https:\/\/themify.me\/pricing\"> CONOCE MAS <\/a>","_links":{"self":[{"href":"https:\/\/ddgcreative.com\/index.php\/wp-json\/wp\/v2\/pages\/723","targetHints":{"allow":["GET"]}}],"collection":[{"href":"https:\/\/ddgcreative.com\/index.php\/wp-json\/wp\/v2\/pages"}],"about":[{"href":"https:\/\/ddgcreative.com\/index.php\/wp-json\/wp\/v2\/types\/page"}],"author":[{"embeddable":true,"href":"https:\/\/ddgcreative.com\/index.php\/wp-json\/wp\/v2\/users\/1"}],"replies":[{"embeddable":true,"href":"https:\/\/ddgcreative.com\/index.php\/wp-json\/wp\/v2\/comments?post=723"}],"version-history":[{"count":7,"href":"https:\/\/ddgcreative.com\/index.php\/wp-json\/wp\/v2\/pages\/723\/revisions"}],"predecessor-version":[{"id":864,"href":"https:\/\/ddgcreative.com\/index.php\/wp-json\/wp\/v2\/pages\/723\/revisions\/864"}],"wp:attachment":[{"href":"https:\/\/ddgcreative.com\/index.php\/wp-json\/wp\/v2\/media?parent=723"}],"curies":[{"name":"wp","href":"https:\/\/api.w.org\/{rel}","templated":true}]}}