{"id":729,"date":"2019-03-04T06:36:15","date_gmt":"2019-03-04T06:36:15","guid":{"rendered":"https:\/\/ddgcreative.com\/index.php\/contact\/"},"modified":"2025-12-01T01:20:56","modified_gmt":"2025-12-01T01:20:56","slug":"contacto","status":"publish","type":"page","link":"https:\/\/ddgcreative.com\/index.php\/contacto\/","title":{"rendered":"Contacto"},"content":{"rendered":"<!--themify_builder_content-->\n<div id=\"themify_builder_content-729\" data-postid=\"729\" class=\"themify_builder_content themify_builder_content-729 themify_builder tf_clear\">\n                    <div  data-lazy=\"1\" class=\"module_row themify_builder_row tb_cbjz125 tb_first tf_w\">\n            <span class=\"tb_row_frame_wrap tf_overflow tf_abs\" data-lazy=\"1\"><span class=\"tb_row_frame tb_row_frame_bottom  tf_abs tf_hide tf_overflow tf_w\"><\/span><\/span>            <div class=\"row_inner col_align_top tb_col_count_1 tf_box tf_rel\">\n                        <div  data-lazy=\"1\" class=\"module_column tb-column col-full tb_ydyu128 first\">\n                    <!-- module text -->\n<div  class=\"module module-text tb_f128194   \" data-lazy=\"1\">\n        <div  class=\"tb_text_wrap\">\n        <h1>Contacto<\/h1>\n<p>Nos encantar\u00eda saber de ti.<br data-start=\"135\" data-end=\"138\">Contamos con varios canales para atender tus consultas y dirigirlas al equipo adecuado.<\/p>    <\/div>\n<\/div>\n<!-- \/module text -->        <\/div>\n                        <\/div>\n        <\/div>\n                        <div  data-lazy=\"1\" class=\"module_row themify_builder_row tb_86b5a18 tf_w\">\n                        <div class=\"row_inner col_align_top tb_col_count_2 tf_box tf_rel\">\n                        <div  data-lazy=\"1\" class=\"module_column tb-column col3-2 tb_a6f96e0 first\">\n                    <!-- module text -->\n<div  class=\"module module-text tb_cd9a898   \" data-lazy=\"1\">\n        <div  class=\"tb_text_wrap\">\n        <h3>General Contacto<\/h3>    <\/div>\n<\/div>\n<!-- \/module text -->        <div  data-lazy=\"1\" class=\"module_subrow themify_builder_sub_row tf_w col_align_top tb_col_count_1 tb_39d3135\">\n                <div  data-lazy=\"1\" class=\"module_column sub_column col-full tb_5fd5748 first\">\n                    <!-- module divider -->\n<div  class=\"module tf_mw module-divider tb_ce483ea solid  divider-custom divider-left\" style=\"border-width: 3px;border-color: #4d3ef0;margin-top: -3px;max-width: 240px;\" data-lazy=\"1\">\n    <\/div>\n<!-- \/module divider -->\n<!-- module text -->\n<div  class=\"module module-text tb_2acfdc9   \" data-lazy=\"1\">\n        <div  class=\"tb_text_wrap\">\n        <p>Nos encantar\u00eda saber de ti.<br data-start=\"161\" data-end=\"164\">Env\u00edanos un mensaje para solicitar informaci\u00f3n sobre nuestros servicios, resolver dudas o contarnos sobre tu pr\u00f3ximo proyecto digital.<\/p>    <\/div>\n<\/div>\n<!-- \/module text -->        <\/div>\n                    <\/div>\n        <!-- module contact -->\n<div  id=\"tb_01f2353\" class=\"module module-contact tb_01f2353 contact-animated-label \" data-lazy=\"1\">\n    \n\t<form class=\"builder-contact\"\n\t\tid=\"tb_01f2353-form\"\n\t\tmethod=\"post\"\n\t\tdata-post-id=\"729\"\n\t\tdata-element-id=\"01f2353\"\n\t\tdata-orig-id=\"729\"\n\t>\n    <div class=\"contact-message\"><\/div>\n\t<div class=\"builder-contact-fields tf_rel\">\n\t\t    \t\t    <div class=\"builder-contact-field builder-contact-field-name builder-contact-text-field\">\n\t\t\t    <label class=\"control-label\" for=\"tb_01f2353-contact-name\">\n\t\t\t\t\t\t\t\t\t\t<span class=\"tb-label-span\">Nombre <\/span>\t\t\t\t<\/label>\n\t\t\t    <div class=\"control-input tf_rel\">\n\t\t\t\t    \t\t\t\t\t    <input type=\"text\" name=\"contact-name\" placeholder=\" \" id=\"tb_01f2353-contact-name\" value=\"\" class=\"form-control\" >\n\t\t\t\t    \t\t\t\t    \t\t\t\t\t    <span class=\"tb_contact_label\">\n\t\t\t\t\t\t    <span class=\"tb-label-span\">Nombre <\/span>\t\t\t\t\t    <\/span>\n\t\t\t\t    \t\t\t    <\/div>\n\t\t<\/div>\n\t    \n\t\t    \t\t    <div class=\"builder-contact-field builder-contact-field-email builder-contact-text-field\">\n\t\t\t    <label class=\"control-label\" for=\"tb_01f2353-contact-email\">\n\t\t\t\t\t\t\t\t\t\t<span class=\"tb-label-span\">Email <\/span>\t\t\t\t<\/label>\n\t\t\t    <div class=\"control-input tf_rel\">\n\t\t\t\t    \t\t\t\t\t    <input type=\"email\" name=\"contact-email\" placeholder=\" \" id=\"tb_01f2353-contact-email\" value=\"\" class=\"form-control\" >\n\t\t\t\t    \t\t\t\t    \t\t\t\t\t    <span class=\"tb_contact_label\">\n\t\t\t\t\t\t    <span class=\"tb-label-span\">Email <\/span>\t\t\t\t\t    <\/span>\n\t\t\t\t    \t\t\t    <\/div>\n\t\t<\/div>\n\t    \n\t\t    \t\t    <div class=\"builder-contact-field builder-contact-field-subject builder-contact-text-field\">\n\t\t\t    <label class=\"control-label\" for=\"tb_01f2353-contact-subject\">\n\t\t\t\t\t\t\t\t\t\t<span class=\"tb-label-span\">Asunto <\/span><span class=\"required\">*<\/span>\t\t\t\t<\/label>\n\t\t\t    <div class=\"control-input tf_rel\">\n\t\t\t\t    \t\t\t\t\t    <input type=\"text\" name=\"contact-subject\" placeholder=\" \" id=\"tb_01f2353-contact-subject\" value=\"\" class=\"form-control\" required>\n\t\t\t\t    \t\t\t\t    \t\t\t\t\t    <span class=\"tb_contact_label\">\n\t\t\t\t\t\t    <span class=\"tb-label-span\">Asunto <\/span><span class=\"required\">*<\/span>\t\t\t\t\t    <\/span>\n\t\t\t\t    \t\t\t    <\/div>\n\t\t<\/div>\n\t    \n\t\t    \t\t    <div class=\"builder-contact-field builder-contact-field-message builder-contact-textarea-field\">\n\t\t\t    <label class=\"control-label\" for=\"tb_01f2353-contact-message\">\n\t\t\t\t\t\t\t\t\t\t<span class=\"tb-label-span\">\t\t\t\t<\/label>\n\t\t\t    <div class=\"control-input tf_rel\">\n\t\t\t\t    \t\t\t\t\t    <textarea name=\"contact-message\" placeholder=\" \" id=\"tb_01f2353-contact-message\" class=\"form-control\"><\/textarea>\n\t\t\t\t    \t\t\t\t    \t\t\t\t\t    <span class=\"tb_contact_label\">\n\t\t\t\t\t\t    <span class=\"tb-label-span\">\t\t\t\t\t    <\/span>\n\t\t\t\t    \t\t\t    <\/div>\n\t\t<\/div>\n\t    \n\t\t    \t\t\n\t\t\n\t    \n\t    <div class=\"builder-contact-field builder-contact-field-send control-input tf_textl tf_clear tf_rel\">\n\t\t\t<button type=\"submit\" class=\"btn btn-primary\">\n\t\t\t\t<span class=\"tf_loader\"><\/span>\t\t\t\t<span class=\"tf_submit_icon\"><\/span> \n\t\t\t\tEnviar\t\t\t<\/button>\n\t    <\/div>\n\t<\/div>\n    <\/form>\n    <\/div>\n<!-- \/module contact -->\n        <\/div>\n                    <div  data-lazy=\"1\" class=\"module_column tb-column col3-1 tb_d964b35 last\">\n                    <!-- module text -->\n<div  class=\"module module-text tb_w93t572   \" data-lazy=\"1\">\n        <div  class=\"tb_text_wrap\">\n        <h3>Direci\u00f3n<\/h3>    <\/div>\n<\/div>\n<!-- \/module text -->        <div  data-lazy=\"1\" class=\"module_subrow themify_builder_sub_row tf_w col_align_top tb_col_count_1 tb_21c2266\">\n                <div  data-lazy=\"1\" class=\"module_column sub_column col-full tb_df394c8 first\">\n                    <!-- module divider -->\n<div  class=\"module tf_mw module-divider tb_54xg573 solid  divider-custom divider-left\" style=\"border-width: 3px;border-color: #4d3ef0;margin-top: -3px;max-width: 240px;\" data-lazy=\"1\">\n    <\/div>\n<!-- \/module divider -->\n<!-- module text -->\n<div  class=\"module module-text tb_2xh9573   \" data-lazy=\"1\">\n        <div  class=\"tb_text_wrap\">\n        <p>Monterrey<br>M\u00e9xico<br>info@UltraSoftware.com<\/p>    <\/div>\n<\/div>\n<!-- \/module text --><!-- module icon -->\n<div  class=\"module module-icon tb_08ffb02    icon_horizontal tf_textl\" data-lazy=\"1\">\n            <div class=\"module-icon-item\">\n                            <a href=\"https:\/\/facebook.com\/themify\" rel=\"noopener\" target=\"_blank\">\n                                                                    <em class=\"tf_box\"><svg  class=\"tf_fa tf-fab-facebook\" aria-hidden=\"true\"><use href=\"#tf-fab-facebook\"><\/use><\/svg><\/em>\n                                                                            <span>Facebook<\/span>\n                                                                    <\/a>\n                    <\/div>\n    <\/div>\n<!-- \/module icon -->\n<!-- module icon -->\n<div  class=\"module module-icon tb_daxw573    icon_horizontal tf_textl\" data-lazy=\"1\">\n            <div class=\"module-icon-item\">\n                            <a href=\"https:\/\/www.twitter.com\/themify\" rel=\"noopener\" target=\"_blank\">\n                                                                    <em class=\"tf_box\"><svg  class=\"tf_fa tf-fab-twitter\" aria-hidden=\"true\"><use href=\"#tf-fab-twitter\"><\/use><\/svg><\/em>\n                                                                            <span>Twitter<\/span>\n                                                                    <\/a>\n                    <\/div>\n    <\/div>\n<!-- \/module icon -->\n<!-- module icon -->\n<div  class=\"module module-icon tb_7b7d573    icon_horizontal tf_textl\" data-lazy=\"1\">\n            <div class=\"module-icon-item\">\n                            <a href=\"https:\/\/www.instagram.com\/themify\/\" rel=\"noopener\" target=\"_blank\">\n                                                                    <em class=\"tf_box\"><svg  class=\"tf_fa tf-fab-instagram\" aria-hidden=\"true\"><use href=\"#tf-fab-instagram\"><\/use><\/svg><\/em>\n                                                                            <span>Instagram<\/span>\n                                                                    <\/a>\n                    <\/div>\n    <\/div>\n<!-- \/module icon -->\n<!-- module icon -->\n<div  class=\"module module-icon tb_iysl574    icon_horizontal tf_textl\" data-lazy=\"1\">\n            <div class=\"module-icon-item\">\n                            <a href=\"https:\/\/www.youtube.com\/user\/themifyme\" rel=\"noopener\" target=\"_blank\">\n                                                                    <em class=\"tf_box\"><svg  class=\"tf_fa tf-fab-youtube-play\" aria-hidden=\"true\"><use href=\"#tf-fab-youtube-play\"><\/use><\/svg><\/em>\n                                                                            <span>YouTube<\/span>\n                                                                    <\/a>\n                    <\/div>\n    <\/div>\n<!-- \/module icon -->\n        <\/div>\n                    <\/div>\n                <\/div>\n                        <\/div>\n        <\/div>\n        <\/div>\n<!--\/themify_builder_content-->","protected":false},"excerpt":{"rendered":"<p>Contacto Nos encantar\u00eda saber de ti.Contamos con varios canales para atender tus consultas y dirigirlas al equipo adecuado.<\/p>\n","protected":false},"author":1,"featured_media":0,"parent":0,"menu_order":0,"comment_status":"closed","ping_status":"closed","template":"","meta":{"footnotes":""},"class_list":["post-729","page","type-page","status-publish","hentry","has-post-title","has-post-date","has-post-category","has-post-tag","has-post-comment","has-post-author",""],"builder_content":"<h1>Contacto<\/h1> <p>Nos encantar\u00eda saber de ti.<br data-start=\"135\" data-end=\"138\">Contamos con varios canales para atender tus consultas y dirigirlas al equipo adecuado.<\/p>\n<h3>General Contacto<\/h3>\n\n<p>Nos encantar\u00eda saber de ti.<br data-start=\"161\" data-end=\"164\">Env\u00edanos un mensaje para solicitar informaci\u00f3n sobre nuestros servicios, resolver dudas o contarnos sobre tu pr\u00f3ximo proyecto digital.<\/p>\n<form id=\"tb_01f2353-form\" method=\"post\" data-post-id=\"0\" data-element-id=\"01f2353\" data-orig-id=\"729\" > <label for=\"tb_01f2353-contact-name\"> Nombre <\/label> <input type=\"text\" name=\"contact-name\" placeholder=\" \" id=\"tb_01f2353-contact-name\" value=\"\" > Nombre <label for=\"tb_01f2353-contact-email\"> Email <\/label> <input type=\"email\" name=\"contact-email\" placeholder=\" \" id=\"tb_01f2353-contact-email\" value=\"\" > Email <label for=\"tb_01f2353-contact-subject\"> Asunto * <\/label> <input type=\"text\" name=\"contact-subject\" placeholder=\" \" id=\"tb_01f2353-contact-subject\" value=\"\" required> Asunto * <label for=\"tb_01f2353-contact-message\"> <\/label> <textarea name=\"contact-message\" placeholder=\" \" id=\"tb_01f2353-contact-message\"><\/textarea> <button type=\"submit\"> Enviar <\/button> <\/form>\n<h3>Direci\u00f3n<\/h3>\n\n<p>Monterrey<br>M\u00e9xico<br>info@UltraSoftware.com<\/p>\n<a href=\"https:\/\/facebook.com\/themify\" rel=\"noopener\" target=\"_blank\"> <em><svg aria-hidden=\"true\"><use href=\"#tf-fab-facebook\"><\/use><\/svg><\/em> Facebook <\/a>\n<a href=\"https:\/\/www.twitter.com\/themify\" rel=\"noopener\" target=\"_blank\"> <em><svg aria-hidden=\"true\"><use href=\"#tf-fab-twitter\"><\/use><\/svg><\/em> Twitter <\/a>\n<a href=\"https:\/\/www.instagram.com\/themify\/\" rel=\"noopener\" target=\"_blank\"> <em><svg aria-hidden=\"true\"><use href=\"#tf-fab-instagram\"><\/use><\/svg><\/em> Instagram <\/a>\n<a href=\"https:\/\/www.youtube.com\/user\/themifyme\" rel=\"noopener\" target=\"_blank\"> <em><svg aria-hidden=\"true\"><use href=\"#tf-fab-youtube-play\"><\/use><\/svg><\/em> YouTube <\/a>","_links":{"self":[{"href":"https:\/\/ddgcreative.com\/index.php\/wp-json\/wp\/v2\/pages\/729","targetHints":{"allow":["GET"]}}],"collection":[{"href":"https:\/\/ddgcreative.com\/index.php\/wp-json\/wp\/v2\/pages"}],"about":[{"href":"https:\/\/ddgcreative.com\/index.php\/wp-json\/wp\/v2\/types\/page"}],"author":[{"embeddable":true,"href":"https:\/\/ddgcreative.com\/index.php\/wp-json\/wp\/v2\/users\/1"}],"replies":[{"embeddable":true,"href":"https:\/\/ddgcreative.com\/index.php\/wp-json\/wp\/v2\/comments?post=729"}],"version-history":[{"count":8,"href":"https:\/\/ddgcreative.com\/index.php\/wp-json\/wp\/v2\/pages\/729\/revisions"}],"predecessor-version":[{"id":872,"href":"https:\/\/ddgcreative.com\/index.php\/wp-json\/wp\/v2\/pages\/729\/revisions\/872"}],"wp:attachment":[{"href":"https:\/\/ddgcreative.com\/index.php\/wp-json\/wp\/v2\/media?parent=729"}],"curies":[{"name":"wp","href":"https:\/\/api.w.org\/{rel}","templated":true}]}}