{"id":822,"date":"2019-03-04T06:35:55","date_gmt":"2019-03-04T06:35:55","guid":{"rendered":"https:\/\/ddgcreative.com\/index.php\/features\/"},"modified":"2025-11-13T06:08:17","modified_gmt":"2025-11-13T06:08:17","slug":"servicios","status":"publish","type":"page","link":"https:\/\/ddgcreative.com\/index.php\/servicios\/","title":{"rendered":"Servicios"},"content":{"rendered":"<!--themify_builder_content-->\n<div id=\"themify_builder_content-822\" data-postid=\"822\" class=\"themify_builder_content themify_builder_content-822 themify_builder tf_clear\">\n                    <div  data-lazy=\"1\" class=\"module_row themify_builder_row tb_cbjz125 tb_first tf_w\">\n            <span class=\"tb_row_frame_wrap tf_overflow tf_abs\" data-lazy=\"1\"><span class=\"tb_row_frame tb_row_frame_bottom  tf_abs tf_hide tf_overflow tf_w\"><\/span><\/span>            <div class=\"row_inner col_align_top tb_col_count_1 tf_box tf_rel\">\n                        <div  data-lazy=\"1\" class=\"module_column tb-column col-full tb_ydyu128 first\">\n                    <!-- module text -->\n<div  class=\"module module-text tb_f128194   \" data-lazy=\"1\">\n        <div  class=\"tb_text_wrap\">\n        <h3 data-start=\"93\" data-end=\"116\"><strong data-start=\"97\" data-end=\"116\">Caracter\u00edsticas<\/strong><\/h3>\n<p>Una soluci\u00f3n integral dise\u00f1ada para impulsar tu marca.<br \/>\nDesde el dise\u00f1o web hasta el marketing digital, en DDG Creative te ofrecemos todo lo que tu negocio necesita para destacar en l\u00ednea.<\/p>\n    <\/div>\n<\/div>\n<!-- \/module text -->        <\/div>\n                        <\/div>\n        <\/div>\n                        <div  data-anchor=\"megamenu\" data-lazy=\"1\" class=\"module_row themify_builder_row tb_has_section tb_section-megamenu tb_375c481 tf_w\">\n                        <div class=\"row_inner col_align_top tb_col_count_2 tf_box tf_rel\">\n                        <div  data-lazy=\"1\" class=\"module_column tb-column col3-1 tb_7d78b6b first\">\n                    <!-- module menu -->\n<div  class=\"module module-menu tb_b599080  mobile-menu-slide\" data-menu-style=\"mobile-menu-slide\" data-menu-breakpoint=\"0\" data-element-id=\"tb_b599080\" data-lazy=\"1\" data-sticky-active=\"{&quot;d&quot;:{&quot;stick&quot;:{&quot;v&quot;:&quot;12&quot;,&quot;u&quot;:&quot;%&quot;},&quot;unstick&quot;:{&quot;type&quot;:&quot;builder&quot;}}}\">\n        \n    <div class=\"module-menu-container\"><ul id=\"menu-features-sticky-menu\" class=\"ui tf_clearfix nav tf_rel tf_scrollbar vertical transparent\"><li id=\"menu-item-838\" class=\"menu-item-custom-838 menu-item menu-item-type-custom menu-item-object-custom menu-item-838\"><a href=\"#megamenu\">Mega Menu<\/a><\/li>\n<li id=\"menu-item-837\" class=\"menu-item-custom-837 menu-item menu-item-type-custom menu-item-object-custom menu-item-837\"><a href=\"#image-filters\">Image Filters<\/a><\/li>\n<li id=\"menu-item-836\" class=\"menu-item-custom-836 menu-item menu-item-type-custom menu-item-object-custom menu-item-836\"><a href=\"#portfolio\">Portfolio<\/a><\/li>\n<li id=\"menu-item-835\" class=\"menu-item-custom-835 menu-item menu-item-type-custom menu-item-object-custom menu-item-835\"><a href=\"#woocommerce-shop\">WooCommerce Shop<\/a><\/li>\n<\/ul><\/div>        <style>\n            .mobile-menu-module[data-module=\"tb_b599080\"]{\n                right:-300px            }\n        <\/style>\n    <\/div>\n<!-- \/module menu -->\n        <\/div>\n                    <div  data-lazy=\"1\" class=\"module_column tb-column col3-2 tb_2945038 last\">\n                    <!-- module text -->\n<div  class=\"module module-text tb_67263f1   \" data-lazy=\"1\">\n        <div  class=\"tb_text_wrap\">\n        <h3>Mega Menu<\/h3>    <\/div>\n<\/div>\n<!-- \/module text -->        <div  data-lazy=\"1\" class=\"module_subrow themify_builder_sub_row tf_w col_align_top tb_col_count_1 tb_c9b0504\">\n                <div  data-lazy=\"1\" class=\"module_column sub_column col-full tb_8348210 first\">\n                    <!-- module divider -->\n<div  class=\"module tf_mw module-divider tb_ce483ea solid  divider-custom divider-left\" style=\"border-width: 3px;border-color: #4d3ef0;margin-top: -3px;max-width: 240px;\" data-lazy=\"1\">\n    <\/div>\n<!-- \/module divider -->\n        <\/div>\n                    <\/div>\n                <div  data-lazy=\"1\" class=\"module_subrow themify_builder_sub_row tf_w col_align_top tb_col_count_2 tb_e19d37f\">\n                <div  data-lazy=\"1\" class=\"module_column sub_column col3-2 tb_bd38a5d first\">\n                    <!-- module text -->\n<div  class=\"module module-text tb_8828eea   \" data-lazy=\"1\">\n        <div  class=\"tb_text_wrap\">\n        <h6>Integraci\u00f3n de Software<\/h6>\n    <\/div>\n<\/div>\n<!-- \/module text --><!-- module text -->\n<div  class=\"module module-text tb_c099951   \" data-lazy=\"1\">\n        <div  class=\"tb_text_wrap\">\n        <p>Aprovecha marcos \u00e1giles para ofrecer una visi\u00f3n s\u00f3lida a nivel general.<br \/>\nLos enfoques iterativos en la estrategia corporativa fomentan la colaboraci\u00f3n y potencian la propuesta de valor global.<\/p>\n    <\/div>\n<\/div>\n<!-- \/module text --><!-- module text -->\n<div  class=\"module module-text tb_uvq6037   \" data-lazy=\"1\">\n        <div  class=\"tb_text_wrap\">\n        <h6>Dise\u00f1o Responsivo<\/h6>\n    <\/div>\n<\/div>\n<!-- \/module text --><!-- module text -->\n<div  class=\"module module-text tb_tkcg700   \" data-lazy=\"1\">\n        <div  class=\"tb_text_wrap\">\n        <p>Desarrolla de manera org\u00e1nica una visi\u00f3n integral de la innovaci\u00f3n digital a trav\u00e9s de la diversidad y el empoderamiento.<br \/>\nImplementa estrategias de beneficio mutuo para garantizar una presencia proactiva y efectiva.<\/p>\n    <\/div>\n<\/div>\n<!-- \/module text --><!-- module text -->\n<div  class=\"module module-text tb_aomi583   \" data-lazy=\"1\">\n        <div  class=\"tb_text_wrap\">\n        <h6>Creaci\u00f3n de Aplicaciones<\/h6>\n    <\/div>\n<\/div>\n<!-- \/module text --><!-- module text -->\n<div  class=\"module module-text tb_0fgi000   \" data-lazy=\"1\">\n        <div  class=\"tb_text_wrap\">\n        <p data-start=\"628\" data-end=\"764\">Con el paso del tiempo, las nuevas generaciones est\u00e1n marcando una tendencia hacia soluciones en la nube m\u00e1s optimizadas y eficientes.<\/p>    <\/div>\n<\/div>\n<!-- \/module text -->        <\/div>\n                    <div  data-lazy=\"1\" class=\"module_column sub_column col3-1 tb_b5c9930 last\">\n                    <!-- module image -->\n<div  class=\"module module-image tb_7040403 image-center   tf_mw\" data-lazy=\"1\" data-parallax-element-speed=\"1\" data-lax-translate-y=\"vh 1,0 -70\" data-lax=\"true\">\n        <div class=\"image-wrap tf_rel tf_mw\">\n            <img loading=\"lazy\" decoding=\"async\" width=\"260\" height=\"552\" src=\"https:\/\/ddgcreative.com\/wp-content\/uploads\/2025\/11\/megamenu.jpg\" class=\"wp-post-image wp-image-798\" title=\"megamenu\" alt=\"megamenu\" srcset=\"https:\/\/ddgcreative.com\/wp-content\/uploads\/2025\/11\/megamenu.jpg 260w, https:\/\/ddgcreative.com\/wp-content\/uploads\/2025\/11\/megamenu-141x300.jpg 141w\" sizes=\"auto, (max-width: 260px) 100vw, 260px\" \/>    \n        <\/div>\n    <!-- \/image-wrap -->\n    \n        <\/div>\n<!-- \/module image -->        <\/div>\n                    <\/div>\n                <\/div>\n                        <\/div>\n        <\/div>\n                        <div  data-anchor=\"image-filters\" data-lazy=\"1\" class=\"module_row themify_builder_row tb_has_section tb_section-image-filters tb_yxto850 tf_w\">\n                        <div class=\"row_inner col_align_top tb_col_count_2 tf_box tf_rel\">\n                        <div  data-lazy=\"1\" class=\"module_column tb-column col3-1 tb_6tuy080 first\">\n                            <\/div>\n                    <div  data-lazy=\"1\" class=\"module_column tb-column col3-2 tb_ilr9087 last\">\n                    <!-- module text -->\n<div  class=\"module module-text tb_tsjd000   \" data-lazy=\"1\">\n        <div  class=\"tb_text_wrap\">\n        <h3>Image Filters<\/h3>    <\/div>\n<\/div>\n<!-- \/module text -->        <div  data-lazy=\"1\" class=\"module_subrow themify_builder_sub_row tf_w col_align_top tb_col_count_1 tb_f6e71ea\">\n                <div  data-lazy=\"1\" class=\"module_column sub_column col-full tb_5fa0238 first\">\n                    <!-- module divider -->\n<div  class=\"module tf_mw module-divider tb_t9go000 solid  divider-custom divider-left\" style=\"border-width: 3px;border-color: #4d3ef0;margin-top: -3px;max-width: 240px;\" data-lazy=\"1\">\n    <\/div>\n<!-- \/module divider -->\n        <\/div>\n                    <\/div>\n                <div  data-lazy=\"1\" class=\"module_subrow themify_builder_sub_row tf_w col_align_top tb_col_count_2 tb_bjad388\">\n                <div  data-lazy=\"1\" class=\"module_column sub_column col3-1 tb_7so8805 first\">\n                    <!-- module image -->\n<div  class=\"module module-image tb_xpf6505 image-center   tf_mw\" data-lazy=\"1\" data-parallax-element-speed=\"1\" data-lax-translate-y=\"vh 1,0 -70\" data-lax=\"true\">\n        <div class=\"image-wrap tf_rel tf_mw\">\n            <img loading=\"lazy\" decoding=\"async\" width=\"260\" height=\"552\" src=\"https:\/\/ddgcreative.com\/wp-content\/uploads\/2025\/11\/image-filters.jpg\" class=\"wp-post-image wp-image-799\" title=\"image-filters\" alt=\"image-filters\" srcset=\"https:\/\/ddgcreative.com\/wp-content\/uploads\/2025\/11\/image-filters.jpg 260w, https:\/\/ddgcreative.com\/wp-content\/uploads\/2025\/11\/image-filters-141x300.jpg 141w\" sizes=\"auto, (max-width: 260px) 100vw, 260px\" \/>    \n        <\/div>\n    <!-- \/image-wrap -->\n    \n        <\/div>\n<!-- \/module image -->        <\/div>\n                    <div  data-lazy=\"1\" class=\"module_column sub_column col3-2 tb_7x3a000 last\">\n                    <!-- module text -->\n<div  class=\"module module-text tb_po3j098   \" data-lazy=\"1\">\n        <div  class=\"tb_text_wrap\">\n        <h6>Demos Predise\u00f1adas<\/h6>\n    <\/div>\n<\/div>\n<!-- \/module text --><!-- module text -->\n<div  class=\"module module-text tb_xjo3866   \" data-lazy=\"1\">\n        <div  class=\"tb_text_wrap\">\n        <p>El contenido generado por los usuarios en tiempo real ofrecer\u00e1 m\u00faltiples puntos de contacto para personalizaci\u00f3n.<br \/>\nAprovecha las oportunidades inmediatas para identificar actividades de valor agregado durante la fase de prueba.<\/p>\n    <\/div>\n<\/div>\n<!-- \/module text --><!-- module text -->\n<div  class=\"module module-text tb_cw9f300   \" data-lazy=\"1\">\n        <div  class=\"tb_text_wrap\">\n        <h6>Nuestra Tecnolog\u00eda<\/h6>\n    <\/div>\n<\/div>\n<!-- \/module text --><!-- module text -->\n<div  class=\"module module-text tb_i5m3803   \" data-lazy=\"1\">\n        <div  class=\"tb_text_wrap\">\n        <p>Supera la brecha digital con herramientas avanzadas y procesos automatizados.<br \/>\nLa integraci\u00f3n tecnol\u00f3gica y la inmersi\u00f3n digital permiten una experiencia m\u00e1s \u00e1gil, enfocada en resultados eficientes.<\/p>\n    <\/div>\n<\/div>\n<!-- \/module text --><!-- module text -->\n<div  class=\"module module-text tb_smcz505   \" data-lazy=\"1\">\n        <div  class=\"tb_text_wrap\">\n        <h6>M\u00e9todos de Prueba<\/h6>\n    <\/div>\n<\/div>\n<!-- \/module text --><!-- module text -->\n<div  class=\"module module-text tb_oweo600   \" data-lazy=\"1\">\n        <div  class=\"tb_text_wrap\">\n        <p>Optimizamos la gesti\u00f3n del cambio operativo mediante flujos de trabajo estrat\u00e9gicos.<br \/>\nMonitoreamos indicadores clave de rendimiento para maximizar los resultados a largo plazo.<\/p>\n    <\/div>\n<\/div>\n<!-- \/module text -->        <\/div>\n                    <\/div>\n                <\/div>\n                        <\/div>\n        <\/div>\n                        <div  data-anchor=\"portfolio\" data-lazy=\"1\" class=\"module_row themify_builder_row tb_has_section tb_section-portfolio tb_1tlk890 tf_w\">\n                        <div class=\"row_inner col_align_top tb_col_count_2 tf_box tf_rel\">\n                        <div  data-lazy=\"1\" class=\"module_column tb-column col3-1 tb_nnyv103 first\">\n                            <\/div>\n                    <div  data-lazy=\"1\" class=\"module_column tb-column col3-2 tb_psbh308 last\">\n                    <!-- module text -->\n<div  class=\"module module-text tb_oz89001   \" data-lazy=\"1\">\n        <div  class=\"tb_text_wrap\">\n        <h3>Portfolio<\/h3>    <\/div>\n<\/div>\n<!-- \/module text -->        <div  data-lazy=\"1\" class=\"module_subrow themify_builder_sub_row tf_w col_align_top tb_col_count_1 tb_8093bee\">\n                <div  data-lazy=\"1\" class=\"module_column sub_column col-full tb_39b52a7 first\">\n                    <!-- module divider -->\n<div  class=\"module tf_mw module-divider tb_sfig116 solid  divider-custom divider-left\" style=\"border-width: 3px;border-color: #4d3ef0;margin-top: -3px;max-width: 240px;\" data-lazy=\"1\">\n    <\/div>\n<!-- \/module divider -->\n        <\/div>\n                    <\/div>\n                <div  data-lazy=\"1\" class=\"module_subrow themify_builder_sub_row tf_w col_align_top tb_col_count_2 tb_cl11880\">\n                <div  data-lazy=\"1\" class=\"module_column sub_column col3-2 tb_3jp8223 first\">\n                    <!-- module text -->\n<div  class=\"module module-text tb_mw72404   \" data-lazy=\"1\">\n        <div  class=\"tb_text_wrap\">\n        <h6>Latest Advances<\/h6>    <\/div>\n<\/div>\n<!-- \/module text --><!-- module text -->\n<div  class=\"module module-text tb_ukd8808   \" data-lazy=\"1\">\n        <div  class=\"tb_text_wrap\">\n        <p>Keeping your eye on the ball while performing a deep dive on the start-up mentality to derive convergence on cross-platform integration.<\/p>    <\/div>\n<\/div>\n<!-- \/module text --><!-- module text -->\n<div  class=\"module module-text tb_9emi722   \" data-lazy=\"1\">\n        <div  class=\"tb_text_wrap\">\n        <h6>Seamless Collaboration<\/h6>    <\/div>\n<\/div>\n<!-- \/module text --><!-- module text -->\n<div  class=\"module module-text tb_2t0t608   \" data-lazy=\"1\">\n        <div  class=\"tb_text_wrap\">\n        <p>Collaboratively administrate empowered markets via plug-and-play networks. Dynamically procrastinate B2C users after installed base benefits.<\/p>    <\/div>\n<\/div>\n<!-- \/module text --><!-- module text -->\n<div  class=\"module module-text tb_fr10000   \" data-lazy=\"1\">\n        <div  class=\"tb_text_wrap\">\n        <h6>Online Testing Tools<\/h6>    <\/div>\n<\/div>\n<!-- \/module text --><!-- module text -->\n<div  class=\"module module-text tb_0kmp233   \" data-lazy=\"1\">\n        <div  class=\"tb_text_wrap\">\n        <p>Dramatically visualize customer directed convergence without revolutionary ROI. Efficiently unleash cross-media information without cross-media value.<\/p>    <\/div>\n<\/div>\n<!-- \/module text -->        <\/div>\n                    <div  data-lazy=\"1\" class=\"module_column sub_column col3-1 tb_8wc7600 last\">\n                    <!-- module image -->\n<div  class=\"module module-image tb_bhto882 image-center   tf_mw\" data-lazy=\"1\" data-parallax-element-speed=\"1\" data-lax-translate-y=\"vh 1,0 -70\" data-lax=\"true\">\n        <div class=\"image-wrap tf_rel tf_mw\">\n            <img loading=\"lazy\" decoding=\"async\" width=\"260\" height=\"552\" src=\"https:\/\/ddgcreative.com\/wp-content\/uploads\/2025\/11\/portfolio.jpg\" class=\"wp-post-image wp-image-800\" title=\"portfolio\" alt=\"portfolio\" srcset=\"https:\/\/ddgcreative.com\/wp-content\/uploads\/2025\/11\/portfolio.jpg 260w, https:\/\/ddgcreative.com\/wp-content\/uploads\/2025\/11\/portfolio-141x300.jpg 141w\" sizes=\"auto, (max-width: 260px) 100vw, 260px\" \/>    \n        <\/div>\n    <!-- \/image-wrap -->\n    \n        <\/div>\n<!-- \/module image -->        <\/div>\n                    <\/div>\n                <\/div>\n                        <\/div>\n        <\/div>\n                        <div  data-anchor=\"woocommerce-shop\" id=\"woocommerce-row\" data-lazy=\"1\" class=\"module_row themify_builder_row tb_has_section tb_section-woocommerce-shop tb_d8ta631 tf_w\">\n                        <div class=\"row_inner col_align_top tb_col_count_2 tf_box tf_rel\">\n                        <div  data-lazy=\"1\" class=\"module_column tb-column col3-1 tb_0lxr634 first\">\n                            <\/div>\n                    <div  data-lazy=\"1\" class=\"module_column tb-column col3-2 tb_88c5766 last\">\n                    <!-- module text -->\n<div  class=\"module module-text tb_smfs605   \" data-lazy=\"1\">\n        <div  class=\"tb_text_wrap\">\n        <h3>WooCommerce<\/h3>    <\/div>\n<\/div>\n<!-- \/module text -->        <div  data-lazy=\"1\" class=\"module_subrow themify_builder_sub_row tf_w col_align_top tb_col_count_1 tb_duvo000\">\n                <div  data-lazy=\"1\" class=\"module_column sub_column col-full tb_6gic630 first\">\n                    <!-- module divider -->\n<div  class=\"module tf_mw module-divider tb_83e6006 solid  divider-custom divider-left\" style=\"border-width: 3px;border-color: #4d3ef0;margin-top: -3px;max-width: 240px;\" data-lazy=\"1\">\n    <\/div>\n<!-- \/module divider -->\n        <\/div>\n                    <\/div>\n                <div  data-lazy=\"1\" class=\"module_subrow themify_builder_sub_row tf_w col_align_top tb_col_count_2 tb_gbn6604\">\n                <div  data-lazy=\"1\" class=\"module_column sub_column col3-1 tb_dvq0430 first\">\n                    <!-- module image -->\n<div  class=\"module module-image tb_i6zo058 image-center   tf_mw\" data-lazy=\"1\" data-parallax-element-speed=\"1\" data-lax-translate-y=\"vh 1,0 -70\" data-lax=\"true\">\n        <div class=\"image-wrap tf_rel tf_mw\">\n            <img loading=\"lazy\" decoding=\"async\" width=\"260\" height=\"552\" src=\"https:\/\/ddgcreative.com\/wp-content\/uploads\/2025\/11\/woo-shop.jpg\" class=\"wp-post-image wp-image-801\" title=\"woo-shop\" alt=\"woo-shop\" srcset=\"https:\/\/ddgcreative.com\/wp-content\/uploads\/2025\/11\/woo-shop.jpg 260w, https:\/\/ddgcreative.com\/wp-content\/uploads\/2025\/11\/woo-shop-141x300.jpg 141w\" sizes=\"auto, (max-width: 260px) 100vw, 260px\" \/>    \n        <\/div>\n    <!-- \/image-wrap -->\n    \n        <\/div>\n<!-- \/module image -->        <\/div>\n                    <div  data-lazy=\"1\" class=\"module_column sub_column col3-2 tb_36ah660 last\">\n                    <!-- module text -->\n<div  class=\"module module-text tb_exll640   \" data-lazy=\"1\">\n        <div  class=\"tb_text_wrap\">\n        <h6>Automated Site Checkups<\/h6>    <\/div>\n<\/div>\n<!-- \/module text --><!-- module text -->\n<div  class=\"module module-text tb_5336340   \" data-lazy=\"1\">\n        <div  class=\"tb_text_wrap\">\n        <p>Quickly maximize timely deliverables for real-time schemas. Dramatically maintain clicks-and-mortar solutions without functional solutions.<\/p>    <\/div>\n<\/div>\n<!-- \/module text --><!-- module text -->\n<div  class=\"module module-text tb_62zg006   \" data-lazy=\"1\">\n        <div  class=\"tb_text_wrap\">\n        <h6>Data Analysis<\/h6>    <\/div>\n<\/div>\n<!-- \/module text --><!-- module text -->\n<div  class=\"module module-text tb_8c4c903   \" data-lazy=\"1\">\n        <div  class=\"tb_text_wrap\">\n        <p>Completely synergize resource taxing relationships via premier niche markets. Professionally cultivate one-to-one customer service with robust ideas.\u00a0<\/p>    <\/div>\n<\/div>\n<!-- \/module text --><!-- module text -->\n<div  class=\"module module-text tb_5xbj001   \" data-lazy=\"1\">\n        <div  class=\"tb_text_wrap\">\n        <h6>Startup Software<\/h6>    <\/div>\n<\/div>\n<!-- \/module text --><!-- module text -->\n<div  class=\"module module-text tb_igym830   \" data-lazy=\"1\">\n        <div  class=\"tb_text_wrap\">\n        <p>Dynamically innovate resource-leveling customer service for state of the art customer service. Objectively innovate empowered manufactured products whereas parallel platforms.<\/p>    <\/div>\n<\/div>\n<!-- \/module text -->        <\/div>\n                    <\/div>\n                <\/div>\n                        <\/div>\n        <\/div>\n        <\/div>\n<!--\/themify_builder_content-->","protected":false},"excerpt":{"rendered":"<p>Caracter\u00edsticas Una soluci\u00f3n integral dise\u00f1ada para impulsar tu marca. Desde el dise\u00f1o web hasta el marketing digital, en DDG Creative te ofrecemos todo lo que tu negocio necesita para destacar en l\u00ednea.<\/p>\n","protected":false},"author":1,"featured_media":0,"parent":0,"menu_order":0,"comment_status":"closed","ping_status":"closed","template":"","meta":{"footnotes":""},"class_list":["post-822","page","type-page","status-publish","hentry","has-post-title","has-post-date","has-post-category","has-post-tag","has-post-comment","has-post-author",""],"builder_content":"<h3 data-start=\"93\" data-end=\"116\"><strong data-start=\"97\" data-end=\"116\">Caracter\u00edsticas<\/strong><\/h3> <p>Una soluci\u00f3n integral dise\u00f1ada para impulsar tu marca.<br \/> Desde el dise\u00f1o web hasta el marketing digital, en DDG Creative te ofrecemos todo lo que tu negocio necesita para destacar en l\u00ednea.<\/p>\n<ul id=\"menu-features-sticky-menu\"><li id=\"menu-item-838\"><a href=\"#megamenu\">Mega Menu<\/a><\/li> <li id=\"menu-item-837\"><a href=\"#image-filters\">Image Filters<\/a><\/li> <li id=\"menu-item-836\"><a href=\"#portfolio\">Portfolio<\/a><\/li> <li id=\"menu-item-835\"><a href=\"#woocommerce-shop\">WooCommerce Shop<\/a><\/li> <\/ul>\n<h3>Mega Menu<\/h3>\n\n<h6>Integraci\u00f3n de Software<\/h6>\n<p>Aprovecha marcos \u00e1giles para ofrecer una visi\u00f3n s\u00f3lida a nivel general.<br \/> Los enfoques iterativos en la estrategia corporativa fomentan la colaboraci\u00f3n y potencian la propuesta de valor global.<\/p>\n<h6>Dise\u00f1o Responsivo<\/h6>\n<p>Desarrolla de manera org\u00e1nica una visi\u00f3n integral de la innovaci\u00f3n digital a trav\u00e9s de la diversidad y el empoderamiento.<br \/> Implementa estrategias de beneficio mutuo para garantizar una presencia proactiva y efectiva.<\/p>\n<h6>Creaci\u00f3n de Aplicaciones<\/h6>\n<p data-start=\"628\" data-end=\"764\">Con el paso del tiempo, las nuevas generaciones est\u00e1n marcando una tendencia hacia soluciones en la nube m\u00e1s optimizadas y eficientes.<\/p>\n<img src=\"https:\/\/ddgcreative.com\/wp-content\/uploads\/2025\/11\/megamenu.jpg\" title=\"megamenu\" alt=\"megamenu\" srcset=\"https:\/\/ddgcreative.com\/wp-content\/uploads\/2025\/11\/megamenu.jpg 260w, https:\/\/ddgcreative.com\/wp-content\/uploads\/2025\/11\/megamenu-141x300.jpg 141w\" sizes=\"(max-width: 260px) 100vw, 260px\" \/>\n<h3>Image Filters<\/h3>\n\n<img src=\"https:\/\/ddgcreative.com\/wp-content\/uploads\/2025\/11\/image-filters.jpg\" title=\"image-filters\" alt=\"image-filters\" srcset=\"https:\/\/ddgcreative.com\/wp-content\/uploads\/2025\/11\/image-filters.jpg 260w, https:\/\/ddgcreative.com\/wp-content\/uploads\/2025\/11\/image-filters-141x300.jpg 141w\" sizes=\"(max-width: 260px) 100vw, 260px\" \/>\n<h6>Demos Predise\u00f1adas<\/h6>\n<p>El contenido generado por los usuarios en tiempo real ofrecer\u00e1 m\u00faltiples puntos de contacto para personalizaci\u00f3n.<br \/> Aprovecha las oportunidades inmediatas para identificar actividades de valor agregado durante la fase de prueba.<\/p>\n<h6>Nuestra Tecnolog\u00eda<\/h6>\n<p>Supera la brecha digital con herramientas avanzadas y procesos automatizados.<br \/> La integraci\u00f3n tecnol\u00f3gica y la inmersi\u00f3n digital permiten una experiencia m\u00e1s \u00e1gil, enfocada en resultados eficientes.<\/p>\n<h6>M\u00e9todos de Prueba<\/h6>\n<p>Optimizamos la gesti\u00f3n del cambio operativo mediante flujos de trabajo estrat\u00e9gicos.<br \/> Monitoreamos indicadores clave de rendimiento para maximizar los resultados a largo plazo.<\/p>\n<h3>Portfolio<\/h3>\n\n<h6>Latest Advances<\/h6>\n<p>Keeping your eye on the ball while performing a deep dive on the start-up mentality to derive convergence on cross-platform integration.<\/p>\n<h6>Seamless Collaboration<\/h6>\n<p>Collaboratively administrate empowered markets via plug-and-play networks. Dynamically procrastinate B2C users after installed base benefits.<\/p>\n<h6>Online Testing Tools<\/h6>\n<p>Dramatically visualize customer directed convergence without revolutionary ROI. Efficiently unleash cross-media information without cross-media value.<\/p>\n<img src=\"https:\/\/ddgcreative.com\/wp-content\/uploads\/2025\/11\/portfolio.jpg\" title=\"portfolio\" alt=\"portfolio\" srcset=\"https:\/\/ddgcreative.com\/wp-content\/uploads\/2025\/11\/portfolio.jpg 260w, https:\/\/ddgcreative.com\/wp-content\/uploads\/2025\/11\/portfolio-141x300.jpg 141w\" sizes=\"(max-width: 260px) 100vw, 260px\" \/>\n<h3>WooCommerce<\/h3>\n\n<img src=\"https:\/\/ddgcreative.com\/wp-content\/uploads\/2025\/11\/woo-shop.jpg\" title=\"woo-shop\" alt=\"woo-shop\" srcset=\"https:\/\/ddgcreative.com\/wp-content\/uploads\/2025\/11\/woo-shop.jpg 260w, https:\/\/ddgcreative.com\/wp-content\/uploads\/2025\/11\/woo-shop-141x300.jpg 141w\" sizes=\"(max-width: 260px) 100vw, 260px\" \/>\n<h6>Automated Site Checkups<\/h6>\n<p>Quickly maximize timely deliverables for real-time schemas. Dramatically maintain clicks-and-mortar solutions without functional solutions.<\/p>\n<h6>Data Analysis<\/h6>\n<p>Completely synergize resource taxing relationships via premier niche markets. Professionally cultivate one-to-one customer service with robust ideas.\u00a0<\/p>\n<h6>Startup Software<\/h6>\n<p>Dynamically innovate resource-leveling customer service for state of the art customer service. Objectively innovate empowered manufactured products whereas parallel platforms.<\/p>","_links":{"self":[{"href":"https:\/\/ddgcreative.com\/index.php\/wp-json\/wp\/v2\/pages\/822","targetHints":{"allow":["GET"]}}],"collection":[{"href":"https:\/\/ddgcreative.com\/index.php\/wp-json\/wp\/v2\/pages"}],"about":[{"href":"https:\/\/ddgcreative.com\/index.php\/wp-json\/wp\/v2\/types\/page"}],"author":[{"embeddable":true,"href":"https:\/\/ddgcreative.com\/index.php\/wp-json\/wp\/v2\/users\/1"}],"replies":[{"embeddable":true,"href":"https:\/\/ddgcreative.com\/index.php\/wp-json\/wp\/v2\/comments?post=822"}],"version-history":[{"count":9,"href":"https:\/\/ddgcreative.com\/index.php\/wp-json\/wp\/v2\/pages\/822\/revisions"}],"predecessor-version":[{"id":869,"href":"https:\/\/ddgcreative.com\/index.php\/wp-json\/wp\/v2\/pages\/822\/revisions\/869"}],"wp:attachment":[{"href":"https:\/\/ddgcreative.com\/index.php\/wp-json\/wp\/v2\/media?parent=822"}],"curies":[{"name":"wp","href":"https:\/\/api.w.org\/{rel}","templated":true}]}}